{"id":8,"date":"2024-02-08T08:52:37","date_gmt":"2024-02-08T08:52:37","guid":{"rendered":"https:\/\/neu2024.zunft-der-brententraeger.ch\/?page_id=8"},"modified":"2025-10-06T11:25:38","modified_gmt":"2025-10-06T11:25:38","slug":"startseite","status":"publish","type":"page","link":"https:\/\/zunft-der-brententraeger.ch\/","title":{"rendered":"Unsere Weinzunft"},"content":{"rendered":"\n<p>Wir sind eine Vereinigung von gleichgesinnten M\u00e4nnern, die ihr Wissen \u00fcber das Naturprodukt Wein st\u00e4ndig erweitern wollen. In einer kurzlebigen Zeit des stetigen Umbruchs der Werte und des fortschreitenden Individualismus, besinnen wir uns auch auf den Gehalt der Tradition sowie auf die Pflege der Freundschaften.<\/p>\n\n\n\n<p>Unsere Mitglieder sind in den verschiedensten Berufen t\u00e4tig, so ist der Direktor und Privatier ebenso vertreten, wie der K\u00fcnstler und der Handwerker. Unser Interesse gilt dem Leitsatz, den edlen Rebensaft kennenzulernen und den Rebbau zu f\u00f6rdern und zu erhalten.<\/p>\n\n\n\n<p>Unsere Statuten finden Sie <a href=\"https:\/\/zunft-der-brententraeger.ch\/wp-content\/uploads\/2024\/02\/Statuten-ZdBZ.pdf\" target=\"_blank\" rel=\"noreferrer noopener\">hier<\/a>.<\/p>\n\n\n\n<p>M\u00f6chten Sie mehr \u00fcber unsere Zunft wissen, dann kontaktieren Sie uns per <a href=\"mailto:info@zunft-der-brententraeger.ch\">Mail<\/a>.<\/p>\n","protected":false},"excerpt":{"rendered":"<p>Wir sind eine Vereinigung von gleichgesinnten M\u00e4nnern, die ihr Wissen \u00fcber das Naturprodukt Wein st\u00e4ndig erweitern wollen. In einer kurzlebigen Zeit des stetigen Umbruchs der Werte und des fortschreitenden Individualismus, &#8230;<\/p>\n","protected":false},"author":1,"featured_media":0,"parent":0,"menu_order":0,"comment_status":"closed","ping_status":"closed","template":"","meta":{"footnotes":""},"class_list":["post-8","page","type-page","status-publish","hentry"],"_links":{"self":[{"href":"https:\/\/zunft-der-brententraeger.ch\/index.php?rest_route=\/wp\/v2\/pages\/8","targetHints":{"allow":["GET"]}}],"collection":[{"href":"https:\/\/zunft-der-brententraeger.ch\/index.php?rest_route=\/wp\/v2\/pages"}],"about":[{"href":"https:\/\/zunft-der-brententraeger.ch\/index.php?rest_route=\/wp\/v2\/types\/page"}],"author":[{"embeddable":true,"href":"https:\/\/zunft-der-brententraeger.ch\/index.php?rest_route=\/wp\/v2\/users\/1"}],"replies":[{"embeddable":true,"href":"https:\/\/zunft-der-brententraeger.ch\/index.php?rest_route=%2Fwp%2Fv2%2Fcomments&post=8"}],"version-history":[{"count":8,"href":"https:\/\/zunft-der-brententraeger.ch\/index.php?rest_route=\/wp\/v2\/pages\/8\/revisions"}],"predecessor-version":[{"id":806,"href":"https:\/\/zunft-der-brententraeger.ch\/index.php?rest_route=\/wp\/v2\/pages\/8\/revisions\/806"}],"wp:attachment":[{"href":"https:\/\/zunft-der-brententraeger.ch\/index.php?rest_route=%2Fwp%2Fv2%2Fmedia&parent=8"}],"curies":[{"name":"wp","href":"https:\/\/api.w.org\/{rel}","templated":true}]}}