{"id":43,"date":"2024-02-08T09:14:39","date_gmt":"2024-02-08T09:14:39","guid":{"rendered":"https:\/\/neu2024.zunft-der-brententraeger.ch\/?page_id=43"},"modified":"2024-02-09T14:34:06","modified_gmt":"2024-02-09T14:34:06","slug":"geschichte","status":"publish","type":"page","link":"https:\/\/zunft-der-brententraeger.ch\/?page_id=43","title":{"rendered":"Geschichte"},"content":{"rendered":"\n<p>Am 9. November 1974 hat die offizielle Gr\u00fcndung unseres Vereins im Restaurant Bolognese stattgefunden, und die &#8222;Compagnia dell&#8217;Arte dei Brentatori Zurigo&#8220; (Zunft der Brententr\u00e4ger Z\u00fcrich) hat das Licht der Welt erblickt.<\/p>\n\n\n\n<p>Der feierlich gestaltete Anlass im Bolognese hat eine grosse Anzahl von Pers\u00f6nlichkeiten der Compagnia aus Bolognia und Z\u00fcrich vereinigt. Man versammelte sich an einer reich dekorierten Tafel, die Damen festlich herausgeputzt, die Herren mit einer schweren auf Bronze gegossenen Plakette am Ordensband geschm\u00fcckt.<\/p>\n\n\n\n<p>Es war ein gesellschaftlicher Anlass auf hohem Niveau. Und so haben denn ein rundes Dutzend Gr\u00fcndungsmitglieder ihre mit k\u00f6stlichem rubinroten Bologneser Wein gef\u00fcllten Gl\u00e4ser erhoben und im Chor gerufen: Bevi o vattene! (trink oder geh &#8230;).<\/p>\n\n\n\n<p>Die Geschichte unserer Zunft k\u00f6nnen Sie im\u00a0<a href=\"https:\/\/zunft-der-brententraeger.ch\/wp-content\/uploads\/2024\/02\/Brententraeger_Buch_40Jahre.pdf\" target=\"_blank\" rel=\"noreferrer noopener\">Buch 40 Jahre Brententr\u00e4ger<\/a>\u00a0nachlesen.<\/p>\n","protected":false},"excerpt":{"rendered":"<p>Am 9. November 1974 hat die offizielle Gr\u00fcndung unseres Vereins im Restaurant Bolognese stattgefunden, und die &#8222;Compagnia dell&#8217;Arte dei Brentatori Zurigo&#8220; (Zunft der Brententr\u00e4ger Z\u00fcrich) hat das Licht der Welt &#8230;<\/p>\n","protected":false},"author":1,"featured_media":0,"parent":0,"menu_order":0,"comment_status":"closed","ping_status":"closed","template":"","meta":{"footnotes":""},"class_list":["post-43","page","type-page","status-publish","hentry"],"_links":{"self":[{"href":"https:\/\/zunft-der-brententraeger.ch\/index.php?rest_route=\/wp\/v2\/pages\/43","targetHints":{"allow":["GET"]}}],"collection":[{"href":"https:\/\/zunft-der-brententraeger.ch\/index.php?rest_route=\/wp\/v2\/pages"}],"about":[{"href":"https:\/\/zunft-der-brententraeger.ch\/index.php?rest_route=\/wp\/v2\/types\/page"}],"author":[{"embeddable":true,"href":"https:\/\/zunft-der-brententraeger.ch\/index.php?rest_route=\/wp\/v2\/users\/1"}],"replies":[{"embeddable":true,"href":"https:\/\/zunft-der-brententraeger.ch\/index.php?rest_route=%2Fwp%2Fv2%2Fcomments&post=43"}],"version-history":[{"count":6,"href":"https:\/\/zunft-der-brententraeger.ch\/index.php?rest_route=\/wp\/v2\/pages\/43\/revisions"}],"predecessor-version":[{"id":530,"href":"https:\/\/zunft-der-brententraeger.ch\/index.php?rest_route=\/wp\/v2\/pages\/43\/revisions\/530"}],"wp:attachment":[{"href":"https:\/\/zunft-der-brententraeger.ch\/index.php?rest_route=%2Fwp%2Fv2%2Fmedia&parent=43"}],"curies":[{"name":"wp","href":"https:\/\/api.w.org\/{rel}","templated":true}]}}